{"id":5,"date":"2020-08-04T20:34:15","date_gmt":"2020-08-04T20:34:15","guid":{"rendered":"https:\/\/ari-wildmoser.de\/?page_id=5"},"modified":"2026-03-26T22:13:54","modified_gmt":"2026-03-26T22:13:54","slug":"start","status":"publish","type":"page","link":"https:\/\/ari-wildmoser.de\/","title":{"rendered":""},"content":{"rendered":"\n<div class=\"wp-block-cover alignfull is-light\"><img loading=\"lazy\" decoding=\"async\" width=\"1024\" height=\"683\" class=\"wp-block-cover__image-background wp-image-393 size-large\" alt=\"\" src=\"https:\/\/ari-wildmoser.de\/wp-content\/uploads\/2026\/02\/Hochzeit_Brautpaarfoto_Pfaffenhofen-1024x683.jpg\" data-object-fit=\"cover\" srcset=\"https:\/\/ari-wildmoser.de\/wp-content\/uploads\/2026\/02\/Hochzeit_Brautpaarfoto_Pfaffenhofen-1024x683.jpg 1024w, https:\/\/ari-wildmoser.de\/wp-content\/uploads\/2026\/02\/Hochzeit_Brautpaarfoto_Pfaffenhofen-300x200.jpg 300w, https:\/\/ari-wildmoser.de\/wp-content\/uploads\/2026\/02\/Hochzeit_Brautpaarfoto_Pfaffenhofen-768x512.jpg 768w, https:\/\/ari-wildmoser.de\/wp-content\/uploads\/2026\/02\/Hochzeit_Brautpaarfoto_Pfaffenhofen.jpg 1500w\" sizes=\"auto, (max-width: 1024px) 100vw, 1024px\" \/><span aria-hidden=\"true\" class=\"wp-block-cover__background has-background-dim-0 has-background-dim\" style=\"background-color:#959394\"><\/span><div class=\"wp-block-cover__inner-container is-layout-flow wp-block-cover-is-layout-flow\">\n<p class=\"has-large-font-size\"><\/p>\n<\/div><\/div>\n\n\n\n<p class=\"has-text-align-left\">Herzlich willkommen in meiner Welt der Bilder! Ich bin Ari, und f\u00fcr mich ist Fotografie weit mehr als nur der Druck auf den Ausl\u00f6ser. Es ist die Kunst, das Unsichtbare sichtbar zu machen.<\/p>\n\n\n\n<p class=\"has-text-align-left\">Heute bringe ich diesen k\u00fcnstlerischen Anspruch in jedes meiner Shootings ein. Ich sehe mich nicht nur als Handwerkerin an der Kamera, sondern als K\u00fcnstlerin, die deine wertvollsten Augenblicke in bleibende Kunstwerke verwandelt.<\/p>\n\n\n\n<p class=\"has-text-align-left\">Jeder Mensch, jede Familie und jedes Paar hat eine ganz eigene Dynamik. Mein Ziel ist es, diese authentisch einzufangen:<\/p>\n\n\n\n<p class=\"has-text-align-left\"><em>Ungestellt &amp; Echt: Ich liebe die leisen Momente zwischen den gro\u00dfen Ereignissen.<\/em><\/p>\n\n\n\n<p class=\"has-text-align-left\"><em>Geschichtenerz\u00e4hlerin: Ich m\u00f6chte nicht nur zeigen, wie ihr ausseht, sondern wer ihr seid.<\/em><\/p>\n\n\n\n<p class=\"has-text-align-left\"><em>Erinnerungen f\u00fcr die Ewigkeit: Ein Foto ist ein Anker in der Zeit. Ich sorge daf\u00fcr, dass dieser Anker wundersch\u00f6n aussieht.<\/em><\/p>\n\n\n\n<p class=\"has-text-align-left\">Ob wir nun in der Natur rund um Rohrbach, in Ingolstadt oder M\u00fcnchen unterwegs sind oder ich euch an eurem gro\u00dfen Tag begleite \u2013 ich freue mich darauf, Teil eurer Geschichte zu werden und eure Erinnerungen in Kunst zu verwandeln.<\/p>\n\n\n\n<p class=\"has-text-align-left\">Lass uns gemeinsam etwas Sch\u00f6nes erschaffen!<\/p>\n\n\n\n<p class=\"has-text-align-left\">Eure Ari<\/p>\n","protected":false},"excerpt":{"rendered":"<p>Herzlich willkommen in meiner Welt der Bilder! Ich bin Ari, und f\u00fcr mich ist Fotografie weit mehr als nur der Druck auf den Ausl\u00f6ser. Es&#8230;<\/p>\n<div class=\"more-link-wrapper\"><a class=\"more-link\" href=\"https:\/\/ari-wildmoser.de\/\">Weiterlesen<span class=\"screen-reader-text\"><\/span><\/a><\/div>\n","protected":false},"author":1,"featured_media":0,"parent":0,"menu_order":0,"comment_status":"closed","ping_status":"closed","template":"","meta":{"footnotes":""},"class_list":["post-5","page","type-page","status-publish","hentry","entry"],"_links":{"self":[{"href":"https:\/\/ari-wildmoser.de\/index.php?rest_route=\/wp\/v2\/pages\/5","targetHints":{"allow":["GET"]}}],"collection":[{"href":"https:\/\/ari-wildmoser.de\/index.php?rest_route=\/wp\/v2\/pages"}],"about":[{"href":"https:\/\/ari-wildmoser.de\/index.php?rest_route=\/wp\/v2\/types\/page"}],"author":[{"embeddable":true,"href":"https:\/\/ari-wildmoser.de\/index.php?rest_route=\/wp\/v2\/users\/1"}],"replies":[{"embeddable":true,"href":"https:\/\/ari-wildmoser.de\/index.php?rest_route=%2Fwp%2Fv2%2Fcomments&post=5"}],"version-history":[{"count":50,"href":"https:\/\/ari-wildmoser.de\/index.php?rest_route=\/wp\/v2\/pages\/5\/revisions"}],"predecessor-version":[{"id":446,"href":"https:\/\/ari-wildmoser.de\/index.php?rest_route=\/wp\/v2\/pages\/5\/revisions\/446"}],"wp:attachment":[{"href":"https:\/\/ari-wildmoser.de\/index.php?rest_route=%2Fwp%2Fv2%2Fmedia&parent=5"}],"curies":[{"name":"wp","href":"https:\/\/api.w.org\/{rel}","templated":true}]}}