{"id":12,"date":"2020-08-04T20:42:31","date_gmt":"2020-08-04T20:42:31","guid":{"rendered":"https:\/\/ari-wildmoser.de\/?page_id=12"},"modified":"2026-02-24T22:14:27","modified_gmt":"2026-02-24T22:14:27","slug":"ueber-mich","status":"publish","type":"page","link":"https:\/\/ari-wildmoser.de\/?page_id=12","title":{"rendered":"\u00dcber mich"},"content":{"rendered":"\n<div class=\"wp-block-columns is-layout-flex wp-container-core-columns-is-layout-9d6595d7 wp-block-columns-is-layout-flex\">\n<div class=\"wp-block-column is-layout-flow wp-block-column-is-layout-flow\" style=\"flex-basis:50%\">\n<h3 class=\"wp-block-heading\"><strong>Von der Leinwand zur Linse: Eure Geschichte als Kunstwerk<\/strong><\/h3>\n\n\n\n<p>Sch\u00f6n, dass ihr da seid! Ich bin Ari. Meine Leidenschaft f\u00fcr die \u00c4sthetik begann weit weg von hier: Ich habe <strong>Bildende Kunst in Mexiko studiert<\/strong>. Diese Zeit hat meine Sichtweise auf die Welt grundlegend ver\u00e4ndert. Dort habe ich gelernt, dass Licht nicht einfach nur hell macht, sondern Gef\u00fchle transportiert.<\/p>\n\n\n\n<p>Heute male ich nicht mehr mit Pinseln auf Leinwand, sondern mit Licht auf euren Momenten. Mein k\u00fcnstlerischer Hintergrund erlaubt es mir, eure Erinnerungen nicht nur festzuhalten, sondern sie in <strong>zeitlose Kunstwerke<\/strong> zu verwandeln.<\/p>\n\n\n\n<p>Ob es das leise Lachen bei einer Hochzeit ist oder die sanfte Geborgenheit eines Neugeborenen-Shootings \u2013 ich erz\u00e4hle eure Geschichte so, wie sie ist: echt, voller Liebe und mit dem geschulten Auge einer K\u00fcnstlerin.<\/p>\n\n\n\n<p><strong>Lass uns gemeinsam eure unvergesslichen Momente schaffen.<\/strong><\/p>\n<\/div>\n\n\n\n<div class=\"wp-block-column is-layout-flow wp-block-column-is-layout-flow\">\n<p><img loading=\"lazy\" decoding=\"async\" width=\"350\" height=\"526\" class=\"wp-image-412\" style=\"width: 350px;\" src=\"https:\/\/ari-wildmoser.de\/wp-content\/uploads\/2026\/02\/Ari_Mit_Kamera_In_Rohrbach.jpg\" alt=\"Ari fotografiert in der Natur\" srcset=\"https:\/\/ari-wildmoser.de\/wp-content\/uploads\/2026\/02\/Ari_Mit_Kamera_In_Rohrbach.jpg 718w, https:\/\/ari-wildmoser.de\/wp-content\/uploads\/2026\/02\/Ari_Mit_Kamera_In_Rohrbach-199x300.jpg 199w, https:\/\/ari-wildmoser.de\/wp-content\/uploads\/2026\/02\/Ari_Mit_Kamera_In_Rohrbach-681x1024.jpg 681w\" sizes=\"auto, (max-width: 350px) 100vw, 350px\" \/><\/p>\n\n\n\n<p><\/p>\n<\/div>\n<\/div>\n\n\n\n<p><\/p>\n\n\n\n<p><\/p>\n\n\n\n<p><\/p>\n\n\n\n<p><\/p>\n\n\n\n<p><\/p>\n\n\n\n<p><\/p>\n\n\n\n<p><\/p>\n\n\n\n<p><\/p>\n","protected":false},"excerpt":{"rendered":"<p>Von der Leinwand zur Linse: Eure Geschichte als Kunstwerk Sch\u00f6n, dass ihr da seid! Ich bin Ari. Meine Leidenschaft f\u00fcr die \u00c4sthetik begann weit weg&#8230;<\/p>\n<div class=\"more-link-wrapper\"><a class=\"more-link\" href=\"https:\/\/ari-wildmoser.de\/?page_id=12\">Weiterlesen<span class=\"screen-reader-text\">\u00dcber mich<\/span><\/a><\/div>\n","protected":false},"author":1,"featured_media":0,"parent":0,"menu_order":0,"comment_status":"closed","ping_status":"closed","template":"","meta":{"footnotes":""},"class_list":["post-12","page","type-page","status-publish","hentry","entry"],"_links":{"self":[{"href":"https:\/\/ari-wildmoser.de\/index.php?rest_route=\/wp\/v2\/pages\/12","targetHints":{"allow":["GET"]}}],"collection":[{"href":"https:\/\/ari-wildmoser.de\/index.php?rest_route=\/wp\/v2\/pages"}],"about":[{"href":"https:\/\/ari-wildmoser.de\/index.php?rest_route=\/wp\/v2\/types\/page"}],"author":[{"embeddable":true,"href":"https:\/\/ari-wildmoser.de\/index.php?rest_route=\/wp\/v2\/users\/1"}],"replies":[{"embeddable":true,"href":"https:\/\/ari-wildmoser.de\/index.php?rest_route=%2Fwp%2Fv2%2Fcomments&post=12"}],"version-history":[{"count":13,"href":"https:\/\/ari-wildmoser.de\/index.php?rest_route=\/wp\/v2\/pages\/12\/revisions"}],"predecessor-version":[{"id":413,"href":"https:\/\/ari-wildmoser.de\/index.php?rest_route=\/wp\/v2\/pages\/12\/revisions\/413"}],"wp:attachment":[{"href":"https:\/\/ari-wildmoser.de\/index.php?rest_route=%2Fwp%2Fv2%2Fmedia&parent=12"}],"curies":[{"name":"wp","href":"https:\/\/api.w.org\/{rel}","templated":true}]}}